{"id":1408,"date":"2021-11-11T16:53:10","date_gmt":"2021-11-11T19:53:10","guid":{"rendered":"https:\/\/www.gibpublicidade.com.br\/ivete\/?post_type=product&#038;p=1408"},"modified":"2021-11-11T19:03:43","modified_gmt":"2021-11-11T22:03:43","slug":"sensacao-branco-de-limao","status":"publish","type":"product","link":"https:\/\/www.ivetebolos.com.br\/?product=sensacao-branco-de-limao","title":{"rendered":"Sensa\u00e7\u00e3o Branco de Lim\u00e3o"},"content":{"rendered":"<p>Massa branca, creme de beijinho brigadeiro branco, mousse de lim\u00e3o, coberto com chantilly.<\/p>\n","protected":false},"excerpt":{"rendered":"<p>Massa branca, creme de beijinho brigadeiro branco, mousse de lim\u00e3o, coberto com chantilly.<\/p>\n","protected":false},"featured_media":1536,"comment_status":"open","ping_status":"closed","template":"","meta":[],"product_brand":[],"product_cat":[27],"product_tag":[],"class_list":{"0":"post-1408","1":"product","2":"type-product","3":"status-publish","4":"has-post-thumbnail","6":"product_cat-bolos","8":"first","9":"instock","10":"sold-individually","11":"shipping-taxable","12":"purchasable","13":"product-type-simple"},"_links":{"self":[{"href":"https:\/\/www.ivetebolos.com.br\/index.php?rest_route=\/wp\/v2\/product\/1408","targetHints":{"allow":["GET"]}}],"collection":[{"href":"https:\/\/www.ivetebolos.com.br\/index.php?rest_route=\/wp\/v2\/product"}],"about":[{"href":"https:\/\/www.ivetebolos.com.br\/index.php?rest_route=\/wp\/v2\/types\/product"}],"replies":[{"embeddable":true,"href":"https:\/\/www.ivetebolos.com.br\/index.php?rest_route=%2Fwp%2Fv2%2Fcomments&post=1408"}],"wp:featuredmedia":[{"embeddable":true,"href":"https:\/\/www.ivetebolos.com.br\/index.php?rest_route=\/wp\/v2\/media\/1536"}],"wp:attachment":[{"href":"https:\/\/www.ivetebolos.com.br\/index.php?rest_route=%2Fwp%2Fv2%2Fmedia&parent=1408"}],"wp:term":[{"taxonomy":"product_brand","embeddable":true,"href":"https:\/\/www.ivetebolos.com.br\/index.php?rest_route=%2Fwp%2Fv2%2Fproduct_brand&post=1408"},{"taxonomy":"product_cat","embeddable":true,"href":"https:\/\/www.ivetebolos.com.br\/index.php?rest_route=%2Fwp%2Fv2%2Fproduct_cat&post=1408"},{"taxonomy":"product_tag","embeddable":true,"href":"https:\/\/www.ivetebolos.com.br\/index.php?rest_route=%2Fwp%2Fv2%2Fproduct_tag&post=1408"}],"curies":[{"name":"wp","href":"https:\/\/api.w.org\/{rel}","templated":true}]}}