{"id":1404,"date":"2021-11-11T16:53:10","date_gmt":"2021-11-11T19:53:10","guid":{"rendered":"https:\/\/www.gibpublicidade.com.br\/ivete\/?post_type=product&#038;p=1404"},"modified":"2021-11-11T19:06:44","modified_gmt":"2021-11-11T22:06:44","slug":"saint-honore-de-morango","status":"publish","type":"product","link":"https:\/\/www.ivetebolos.com.br\/?product=saint-honore-de-morango","title":{"rendered":"Saint Honor\u00e9 de Morango"},"content":{"rendered":"<p>Massa branca , leite mo\u00e7a em consist\u00eancia firme e morango, coberto com Massa folhada.<\/p>\n","protected":false},"excerpt":{"rendered":"<p>Massa branca , leite mo\u00e7a em consist\u00eancia firme e morango, coberto com Massa folhada.<\/p>\n","protected":false},"featured_media":1527,"comment_status":"open","ping_status":"closed","template":"","meta":[],"product_brand":[],"product_cat":[27],"product_tag":[],"class_list":{"0":"post-1404","1":"product","2":"type-product","3":"status-publish","4":"has-post-thumbnail","6":"product_cat-bolos","8":"first","9":"instock","10":"sold-individually","11":"shipping-taxable","12":"purchasable","13":"product-type-simple"},"_links":{"self":[{"href":"https:\/\/www.ivetebolos.com.br\/index.php?rest_route=\/wp\/v2\/product\/1404","targetHints":{"allow":["GET"]}}],"collection":[{"href":"https:\/\/www.ivetebolos.com.br\/index.php?rest_route=\/wp\/v2\/product"}],"about":[{"href":"https:\/\/www.ivetebolos.com.br\/index.php?rest_route=\/wp\/v2\/types\/product"}],"replies":[{"embeddable":true,"href":"https:\/\/www.ivetebolos.com.br\/index.php?rest_route=%2Fwp%2Fv2%2Fcomments&post=1404"}],"wp:featuredmedia":[{"embeddable":true,"href":"https:\/\/www.ivetebolos.com.br\/index.php?rest_route=\/wp\/v2\/media\/1527"}],"wp:attachment":[{"href":"https:\/\/www.ivetebolos.com.br\/index.php?rest_route=%2Fwp%2Fv2%2Fmedia&parent=1404"}],"wp:term":[{"taxonomy":"product_brand","embeddable":true,"href":"https:\/\/www.ivetebolos.com.br\/index.php?rest_route=%2Fwp%2Fv2%2Fproduct_brand&post=1404"},{"taxonomy":"product_cat","embeddable":true,"href":"https:\/\/www.ivetebolos.com.br\/index.php?rest_route=%2Fwp%2Fv2%2Fproduct_cat&post=1404"},{"taxonomy":"product_tag","embeddable":true,"href":"https:\/\/www.ivetebolos.com.br\/index.php?rest_route=%2Fwp%2Fv2%2Fproduct_tag&post=1404"}],"curies":[{"name":"wp","href":"https:\/\/api.w.org\/{rel}","templated":true}]}}