{"id":1329,"date":"2021-11-11T16:53:02","date_gmt":"2021-11-11T19:53:02","guid":{"rendered":"https:\/\/www.gibpublicidade.com.br\/ivete\/?post_type=product&#038;p=1329"},"modified":"2021-11-11T19:45:32","modified_gmt":"2021-11-11T22:45:32","slug":"red-velvet","status":"publish","type":"product","link":"https:\/\/www.ivetebolos.com.br\/?product=red-velvet","title":{"rendered":"Red Velvet"},"content":{"rendered":"<p>Massa veludo vermelho (tipo americana, massa de fermenta\u00e7\u00e3o natural, mais consistente) recheado com creme de cream cheese e a\u00e7\u00facar de confeiteiro. Coberto com<br \/>\ncreme e polvilhado massa.<\/p>\n","protected":false},"excerpt":{"rendered":"<p>Massa veludo vermelho (tipo americana, massa de fermenta\u00e7\u00e3o natural, mais consistente) recheado com creme de cream cheese e a\u00e7\u00facar de confeiteiro. Coberto com<br \/>\ncreme e polvilhado massa.<\/p>\n","protected":false},"featured_media":1525,"comment_status":"open","ping_status":"closed","template":"","meta":[],"product_brand":[],"product_cat":[27],"product_tag":[],"class_list":{"0":"post-1329","1":"product","2":"type-product","3":"status-publish","4":"has-post-thumbnail","6":"product_cat-bolos","8":"first","9":"instock","10":"sold-individually","11":"shipping-taxable","12":"purchasable","13":"product-type-simple"},"_links":{"self":[{"href":"https:\/\/www.ivetebolos.com.br\/index.php?rest_route=\/wp\/v2\/product\/1329","targetHints":{"allow":["GET"]}}],"collection":[{"href":"https:\/\/www.ivetebolos.com.br\/index.php?rest_route=\/wp\/v2\/product"}],"about":[{"href":"https:\/\/www.ivetebolos.com.br\/index.php?rest_route=\/wp\/v2\/types\/product"}],"replies":[{"embeddable":true,"href":"https:\/\/www.ivetebolos.com.br\/index.php?rest_route=%2Fwp%2Fv2%2Fcomments&post=1329"}],"wp:featuredmedia":[{"embeddable":true,"href":"https:\/\/www.ivetebolos.com.br\/index.php?rest_route=\/wp\/v2\/media\/1525"}],"wp:attachment":[{"href":"https:\/\/www.ivetebolos.com.br\/index.php?rest_route=%2Fwp%2Fv2%2Fmedia&parent=1329"}],"wp:term":[{"taxonomy":"product_brand","embeddable":true,"href":"https:\/\/www.ivetebolos.com.br\/index.php?rest_route=%2Fwp%2Fv2%2Fproduct_brand&post=1329"},{"taxonomy":"product_cat","embeddable":true,"href":"https:\/\/www.ivetebolos.com.br\/index.php?rest_route=%2Fwp%2Fv2%2Fproduct_cat&post=1329"},{"taxonomy":"product_tag","embeddable":true,"href":"https:\/\/www.ivetebolos.com.br\/index.php?rest_route=%2Fwp%2Fv2%2Fproduct_tag&post=1329"}],"curies":[{"name":"wp","href":"https:\/\/api.w.org\/{rel}","templated":true}]}}